{"id":11,"date":"2023-07-04T12:56:43","date_gmt":"2023-07-04T12:56:43","guid":{"rendered":"https:\/\/franciscosassetti.com\/?page_id=11"},"modified":"2023-07-25T15:42:12","modified_gmt":"2023-07-25T15:42:12","slug":"bio","status":"publish","type":"page","link":"https:\/\/franciscosassetti.com\/?page_id=11","title":{"rendered":"BIO"},"content":{"rendered":"<style>\/*! elementor - v3.14.0 - 26-06-2023 *\/\n.elementor-widget-image{text-align:center}.elementor-widget-image a{display:inline-block}.elementor-widget-image a img[src$=\".svg\"]{width:48px}.elementor-widget-image img{vertical-align:middle;display:inline-block}<\/style>\n<p>\t\t\t\t\t\t\t\t\t\t\t\t<img decoding=\"async\" width=\"1024\" height=\"393\" src=\"https:\/\/franciscosassetti.com\/wp-content\/uploads\/2023\/07\/cropped-FRANCISCO_montagem_low_ritacarmo-1024x393.jpg\" alt=\"\" loading=\"lazy\" srcset=\"https:\/\/franciscosassetti.com\/wp-content\/uploads\/2023\/07\/cropped-FRANCISCO_montagem_low_ritacarmo-1024x393.jpg 1024w, https:\/\/franciscosassetti.com\/wp-content\/uploads\/2023\/07\/cropped-FRANCISCO_montagem_low_ritacarmo-300x115.jpg 300w, https:\/\/franciscosassetti.com\/wp-content\/uploads\/2023\/07\/cropped-FRANCISCO_montagem_low_ritacarmo-768x295.jpg 768w, https:\/\/franciscosassetti.com\/wp-content\/uploads\/2023\/07\/cropped-FRANCISCO_montagem_low_ritacarmo-1140x438.jpg 1140w, https:\/\/franciscosassetti.com\/wp-content\/uploads\/2023\/07\/cropped-FRANCISCO_montagem_low_ritacarmo.jpg 1500w\" sizes=\"auto, (max-width: 1024px) 100vw, 1024px\" \/>\t\t\t\t\t\t\t\t\t\t\t\t\t\t\t<\/p>\n<p dir=\"auto\">Natural de Lisboa,\u00a0<strong>Francisco Sassetti<\/strong>\u00a0iniciou os estudos musicais com Maria Fernanda Costa. Estudou ainda com Dinorah Leit\u00e3o e durante 6 anos com a grande pianista T\u00e2nia Achot, \u00a0Obteve o mestrado em piano performance (1995) na classe de Eugene Pridonof na Universidade de Cincinnati (EUA).<\/p>\n<p dir=\"auto\">Francisco Sassetti tem-se destacado como um dos principais pianistas acompanhadores portugueses nos \u00faltimos 20 anos. Tendo iniciado a carreira de concertista em 1998, no Teatro S. Luiz em Lisboa, j\u00e1 se apresentou com a maior parte dos principais cantores nacionais, por todo o pa\u00eds e ainda em Espanha, Fran\u00e7a, B\u00e9lgica, EUA, Alemanha e Uruguai.<\/p>\n<p dir=\"auto\">Apresentou-se com a Orquestra Sinfonietta num concerto de piano a quatro m\u00e3os de Malcolm Arnold, com Ilda Rodrigues, sob a direc\u00e7\u00e3o de Vasco Pearce de Azevedo, e tem colaborado, com a Funda\u00e7\u00e3o Calouste Gulbenkian em diversos recitais para crian\u00e7as como m\u00fasico-actor. Apresentou-se tamb\u00e9m com a Orquestra Metropolitana de Lisboa e a Filarmonia das Beiras e com o Coro Regina Coeli, o Coro do Teatro Nacional de S. Carlos, Coral Lu\u00edsa Todi, Coral O Tempo Canta, Coro Ricercare, Coral Lisboa Cantat, Coro da Universidade de Lisboa e Coro P\u00fablia Hort\u00eansia entre outros.<\/p>\n<p>\t\t\t\t\t\t\t\t\t\t\t\t\t\t\t<img decoding=\"async\" width=\"683\" height=\"1024\" src=\"https:\/\/franciscosassetti.com\/wp-content\/uploads\/2023\/07\/FRANCISCO_SASSETTI2884_ritacarmo-683x1024.jpg\" alt=\"\" loading=\"lazy\" srcset=\"https:\/\/franciscosassetti.com\/wp-content\/uploads\/2023\/07\/FRANCISCO_SASSETTI2884_ritacarmo-683x1024.jpg 683w, https:\/\/franciscosassetti.com\/wp-content\/uploads\/2023\/07\/FRANCISCO_SASSETTI2884_ritacarmo-200x300.jpg 200w, https:\/\/franciscosassetti.com\/wp-content\/uploads\/2023\/07\/FRANCISCO_SASSETTI2884_ritacarmo-768x1152.jpg 768w, https:\/\/franciscosassetti.com\/wp-content\/uploads\/2023\/07\/FRANCISCO_SASSETTI2884_ritacarmo-1024x1536.jpg 1024w, https:\/\/franciscosassetti.com\/wp-content\/uploads\/2023\/07\/FRANCISCO_SASSETTI2884_ritacarmo-1365x2048.jpg 1365w, https:\/\/franciscosassetti.com\/wp-content\/uploads\/2023\/07\/FRANCISCO_SASSETTI2884_ritacarmo-scaled.jpg 1707w\" sizes=\"auto, (max-width: 683px) 100vw, 683px\" \/><br \/>\n\t\t\t\t\t\t\t\t\t\t\t\t\t\t\t<img decoding=\"async\" width=\"683\" height=\"1024\" src=\"https:\/\/franciscosassetti.com\/wp-content\/uploads\/2023\/07\/FRANCISCO_SASSETTI2735_ritacarmo-683x1024.jpg\" alt=\"\" loading=\"lazy\" srcset=\"https:\/\/franciscosassetti.com\/wp-content\/uploads\/2023\/07\/FRANCISCO_SASSETTI2735_ritacarmo-683x1024.jpg 683w, https:\/\/franciscosassetti.com\/wp-content\/uploads\/2023\/07\/FRANCISCO_SASSETTI2735_ritacarmo-200x300.jpg 200w, https:\/\/franciscosassetti.com\/wp-content\/uploads\/2023\/07\/FRANCISCO_SASSETTI2735_ritacarmo-768x1152.jpg 768w, https:\/\/franciscosassetti.com\/wp-content\/uploads\/2023\/07\/FRANCISCO_SASSETTI2735_ritacarmo-1024x1536.jpg 1024w, https:\/\/franciscosassetti.com\/wp-content\/uploads\/2023\/07\/FRANCISCO_SASSETTI2735_ritacarmo-1365x2048.jpg 1365w, https:\/\/franciscosassetti.com\/wp-content\/uploads\/2023\/07\/FRANCISCO_SASSETTI2735_ritacarmo-scaled.jpg 1707w\" sizes=\"auto, (max-width: 683px) 100vw, 683px\" \/>\t\t\t\t\t\t\t\t\t\t\t\t\t\t\t<\/p>\n<p dir=\"auto\">Gravou com a cantora alem\u00e3 Ute Lemper para o filme franc\u00eas Aur\u00e9lien, com Sandra Medeiros (3 can\u00e7\u00f5es de Emanuel Fraz\u00e3o), com Catarina Molder (Cantar os Cl\u00e1ssicos, 2009, e O Polegarzinho, 2011), com \u00c2ngela Silva e Paulo Guerreiro (Brumas, 2010), com Maria Jo\u00e3o num disco com m\u00fasica de Emanuel Andrade (Doce Gotinha, 2012), com Margarida Pinto Basto (Cantando para V\u00f3s, 2013) e ainda duas \u00f3peras: O Fim, de Carlos Marecos (2004) e O Homem dos Sonhos (2023), de Ant\u00f3nio Chagas Rosa. Gravou por diversas vezes para a\u00a0Antena 2\u00a0e ainda para a R\u00e1dio Cl\u00e1ssica de Cincinnati.\u00a0<\/p>\n<p dir=\"auto\">Estreou-se em 2014 como compositor no espect\u00e1culo teatral &#8220;Cornos ou a For\u00e7a do Sexo Fraco&#8221;, com textos de Shakespeare e encena\u00e7\u00e3o de Paulo Matos.<\/p>\n","protected":false},"excerpt":{"rendered":"<p>Natural de Lisboa,\u00a0Francisco Sassetti\u00a0iniciou os estudos musicais com Maria Fernanda Costa. Estudou ainda com Dinorah Leit\u00e3o e durante 6 anos com a grande pianista T\u00e2nia Achot, \u00a0Obteve o mestrado em piano performance (1995) na classe de Eugene Pridonof na Universidade de Cincinnati (EUA). Francisco Sassetti tem-se destacado como um dos principais pianistas acompanhadores portugueses nos&hellip;&nbsp;<a href=\"https:\/\/franciscosassetti.com\/?page_id=11\" class=\"\" rel=\"bookmark\">Ler mais &raquo;<span class=\"screen-reader-text\">BIO<\/span><\/a><\/p>\n","protected":false},"author":1,"featured_media":0,"parent":0,"menu_order":0,"comment_status":"closed","ping_status":"closed","template":"page-templates\/template-pagebuilder-full-width.php","meta":{"neve_meta_sidebar":"","neve_meta_container":"","neve_meta_enable_content_width":"","neve_meta_content_width":0,"neve_meta_title_alignment":"","neve_meta_author_avatar":"","neve_post_elements_order":"","neve_meta_disable_header":"","neve_meta_disable_footer":"","neve_meta_disable_title":"","footnotes":""},"class_list":["post-11","page","type-page","status-publish","hentry"],"_links":{"self":[{"href":"https:\/\/franciscosassetti.com\/index.php?rest_route=\/wp\/v2\/pages\/11","targetHints":{"allow":["GET"]}}],"collection":[{"href":"https:\/\/franciscosassetti.com\/index.php?rest_route=\/wp\/v2\/pages"}],"about":[{"href":"https:\/\/franciscosassetti.com\/index.php?rest_route=\/wp\/v2\/types\/page"}],"author":[{"embeddable":true,"href":"https:\/\/franciscosassetti.com\/index.php?rest_route=\/wp\/v2\/users\/1"}],"replies":[{"embeddable":true,"href":"https:\/\/franciscosassetti.com\/index.php?rest_route=%2Fwp%2Fv2%2Fcomments&post=11"}],"version-history":[{"count":7,"href":"https:\/\/franciscosassetti.com\/index.php?rest_route=\/wp\/v2\/pages\/11\/revisions"}],"predecessor-version":[{"id":390,"href":"https:\/\/franciscosassetti.com\/index.php?rest_route=\/wp\/v2\/pages\/11\/revisions\/390"}],"wp:attachment":[{"href":"https:\/\/franciscosassetti.com\/index.php?rest_route=%2Fwp%2Fv2%2Fmedia&parent=11"}],"curies":[{"name":"wp","href":"https:\/\/api.w.org\/{rel}","templated":true}]}}